{"id":686,"date":"2019-02-14T13:58:22","date_gmt":"2019-02-14T13:58:22","guid":{"rendered":"https:\/\/livewp.site\/wp\/md\/agrosector\/?page_id=686"},"modified":"2025-09-05T15:50:56","modified_gmt":"2025-09-05T14:50:56","slug":"services","status":"publish","type":"page","link":"https:\/\/landmannhof.de\/?page_id=686","title":{"rendered":"Hofladen"},"content":{"rendered":"<p>Folgende Produkte finden Sie bei uns auf dem Landmann Hof<\/p>\n<ul>\n<li style=\"font-weight: 400;\" aria-level=\"1\">Freilandeier von unseren eigenen H\u00fchnern<\/li>\n<li style=\"font-weight: 400;\" aria-level=\"1\">Kartoffeln in verschiedenen Sorten<\/li>\n<li style=\"font-weight: 400;\" aria-level=\"1\">Regionales Gem\u00fcse und Obst der Saison<\/li>\n<li aria-level=\"1\">FrischEi Nudeln aus Hartweizengrie\u00df oder Dinkelgrie\u00df aus unseren eigenen Eiern<\/li>\n<li aria-level=\"1\">Halsgrat, Putensteak, Rinderlende mariniert und natur, K\u00e4segriller, versch. Wurstwaren abgepackt. <strong>Grillspezialit\u00e4ten im Winter bitte vorbestellen.<\/strong> <span class=\"gt3_font-weight\">Wir beziehen unsere Fleisch und Wurstprodukte von der Metzgerei Geyer-Pretsch aus Finsing und von der Metzgerei\/Schlachterei Kr\u00f6nauer aus Spatzenhausen bei Murnau.\u00a0<\/span><br \/><span class=\"gt3_font-weight\">Gerne k\u00f6nnen auch andere Fleischspezialit\u00e4ten (z. B. Rinderbraten, Kalbs-\/Schweine-Schnitzel, Hackfleisch, und vieles mehr) <strong>auf Vorbestellung<\/strong> von uns beschafft werden.\u00a0 Vorbestellung bis sp\u00e4testens Donnerstag, Abholung ist hierf\u00fcr immer Samstags. Sprechen Sie uns gerne hierzu an!<\/span><br \/><span class=\"gt3_font-weight\">Die Schlachterei Kr\u00f6nauer bezieht seine Schweine aus dem Landkreis Erding. Die Rinder kommen aus dem Oberland. Die Tiere haben bei der Schlachterei noch einige Tage im Stall ruhe, bevor sie geschlachtet werden, somit sind die Tiere ruhiger bei der Schlachtung und haben keinen Stress. Dies f\u00fchrt u. a. auch zu einer besseren Fleischqualit\u00e4t.<\/span><\/li>\n<li aria-level=\"1\">Gefl\u00fcgel vom Gefl\u00fcgelhof Gerlmaier GbR aus Forstern. Bestellung von Gockel\/H\u00e4hnchen nach Bedarf. Sprechen Sie uns an! Bestellung hierzu bitte immer bis sp\u00e4testens Samstag. Abholung ab Donnerstag.<\/li>\n<li aria-level=\"1\">Verschiedene Produkte der Naturk\u00e4serei Tegernseer Land (<a href=\"https:\/\/www.naturkaeserei.de\/de\/home\/1-0.html\" target=\"_blank\" rel=\"noopener\">mehr Infos hier&#8230;<\/a>)<\/li>\n<li aria-level=\"1\"><strong><span style=\"color: #00ff00;\">NEU!\u00a0<\/span><\/strong>Frischer Rohmilchk\u00e4se von der Hofk\u00e4serei Gassner aus Pastetten, verschiedene Sorten.<\/li>\n<li aria-level=\"1\">Mehl aus unserem eigenen Getreide. Wir haben folgende Sorten im Angebot: Weizenmehl 550 und 1050,\u00a0 Roggenmehl 1150 und Dinkelmehl 630. <br \/>Ganz <strong><span style=\"color: #00ff00;\">NEU!<\/span><\/strong> frisches Dinkel- und Weizen<strong>vollkornmehl<\/strong>, bitte vorbestellen!<\/li>\n<li aria-level=\"1\"><strong><span style=\"color: #00ff00;\">NEU! <\/span><\/strong>Senf- und Mariendistel- und Lein\u00f6l vom Schrufhof (<a href=\"http:\/\/www.schrufhof.de\" target=\"_blank\" rel=\"noopener\">mehr Infos hier&#8230;<\/a>)<br \/>Im Moment bei uns im Sortiment: Senf\u00f6l 100 ml und 500 ml, Mariendistel\u00f6l 100 ml. <strong>Weitere Gr\u00f6\u00dfen nur auf Bestellung und nach Verf\u00fcgbarkeit.<\/strong><br \/>Lein\u00f6l wird alle zwei Monate frisch gepresst. <strong>Bitte rechtzeitig bei uns vorbestellen<\/strong>.<\/li>\n<li style=\"font-weight: 400;\" aria-level=\"1\">Heu und Stroh f\u00fcr Kleintiere<\/li>\n<li style=\"font-weight: 400;\" aria-level=\"1\">Honig aus Ismaning<\/li>\n<li style=\"font-weight: 400;\" aria-level=\"1\">Heumilch und Joghurt vom Frischmilchhof der Familie Lanzl aus Harlachen\/Neuching<\/li>\n<li aria-level=\"1\">Ismaninger Bier von der Brauereigenossenschaft Ismaning<\/li>\n<li style=\"font-weight: 400;\" aria-level=\"1\">Frisches selbstgebackenes Steinofenbrot (jeden 1. und 3. Samstag im Monat, Mittel Juli und August Sommerpause)<\/li>\n<li aria-level=\"1\">Schmalzgeb\u00e4ck (Auszogne, Kirta-Nudeln, etc.) im Herbst und Fr\u00fchjahr jeden 2. und 4. Samstag im Monat<\/li>\n<li aria-level=\"1\">Semmeln und Brezen von der B\u00e4ckerei H\u00f6flinger\/M\u00fcller aus Neufahrn jeden Samstag<\/li>\n<li aria-level=\"1\">Je nach Saison selbstgemacht: Erdbeerlimes, Holunderbl\u00fctensirup, versch. Fruchtaufstriche, B\u00e4rlauchbutter, Rotweinzwetschgen, Rote Beete, Chutneys, etc. (alles so lange der Vorrat reicht)<\/li>\n<li aria-level=\"1\">Geschenkk\u00f6rbe nach Wahl mit Produkten aus dem Hofladen<\/li>\n<li aria-level=\"1\">Bauernhofeis Stangl (<a href=\"http:\/\/www.bauernhofeis-stangl.de\/\" target=\"_blank\" rel=\"noopener\">mehr Infos hier&#8230;<\/a>)\n<p><img decoding=\"async\" class=\"size-full wp-image-1983\" src=\"https:\/\/landmannhof.de\/wp-content\/uploads\/2021\/04\/Bauernhofeis_96x96-klein.jpg\" alt=\"Bauernhofeis\" width=\"96\" height=\"96\" \/><\/p>\n<\/li>\n<\/ul>\n<p>Lieferanten:<\/p>\n<p>F\u00fcr alles was wir nicht selbst erzeugen haben wir uns ausgew\u00e4hlte Lieferanten gesucht.<\/p>\n<p>Unsere Lieferanten sind regional verteilt und garantieren f\u00fcr h\u00f6chste Qualit\u00e4t und Frische.<\/p>\n\n<style>.uid-6b0ff38736d9d7f8  .gt3pg-isotope-item {\n\tpadding-right: 20px;\n\tpadding-bottom: 20px;\n}\n.uid-6b0ff38736d9d7f8  .gallery-isotope-wrapper {\n\tmargin-right: -20px;\n\tmargin-bottom: -20px;\n}\n<\/style><div id=\"uid-6b0ff38736d9d7f8\" data-gt3pg-block=\"grid\" data-index=\"1\" class=\"gt3-photo-gallery-pro--isotope_gallery uid-6b0ff38736d9d7f8 gt3pg-pro--wrapper gt3pg-pro--grid \">\t\t<div class=\"gt3pg-isotope-gallery columns-3 hover-default gallery-grid   corner-standard square\" data-cols=\"3\" data-cols-tablet=\"3\" data-cols-mobile=\"2\">\r\n\t\t\t\t\t\t\t\t\t<div class=\"gallery-isotope-wrapper\">\r\n\t\t\t\t<div class=\"gt3pg-isotope-item loading \" ><div class=\"isotope_item-wrapper\"><a href=\"https:\/\/landmannhof.de\/wp-content\/uploads\/2021\/03\/20210321_182031-scaled-e1616443444841-768x512.jpg\" class=\"gt3pg-lightbox\"  target=\"_blank\" data-elementor-open-lightbox=\"no\"><div class=\"img-wrapper has_text_info\"><img fetchpriority=\"high\" decoding=\"async\" width=\"768\" height=\"512\" src=\"https:\/\/landmannhof.de\/wp-content\/uploads\/2021\/03\/20210321_182031-scaled-e1616443444841-768x512.jpg\" class=\"skip-lazy gt3-lazy-image\" alt=\"Eigenproduktion\" loading=\"eager\" data-lazy-srcset=\"https:\/\/landmannhof.de\/wp-content\/uploads\/2021\/03\/20210321_182031-scaled-e1616443444841-768x512.jpg 768w, https:\/\/landmannhof.de\/wp-content\/uploads\/2021\/03\/20210321_182031-scaled-e1616443444841-300x200.jpg 300w, https:\/\/landmannhof.de\/wp-content\/uploads\/2021\/03\/20210321_182031-scaled-e1616443444841-480x320.jpg 480w\" data-lazy-sizes=\"(max-width: 768px) 100vw, 768px\" data-lazy-src=\"https:\/\/landmannhof.de\/wp-content\/uploads\/2021\/03\/20210321_182031-scaled-e1616443444841-768x512.jpg?is-pending-load=1\" srcset=\"data:image\/png;base64,iVBORw0KGgoAAAANSUhEUgAAAE0AAAAzCAYAAADSIYUBAAAACXBIWXMAAA7EAAAOxAGVKw4bAAAAJklEQVRo3u3BgQAAAADDoPlTX+AIVQEAAAAAAAAAAAAAAAAAAHAMPY8AAQeL\/AcAAAAASUVORK5CYII=\" title=\"Eigenproduktion\" \/><\/div><\/a><\/div><div class=\"text_info_wrapper\"><div class=\"text_wrap_caption\"><span class=\"caption\">Eigenproduktion<\/span><\/div><\/div><\/div><div class=\"gt3pg-isotope-item loading \" ><div class=\"isotope_item-wrapper\"><a href=\"https:\/\/landmannhof.de\/wp-content\/uploads\/2021\/03\/DJI_0031-scaled-e1615047219370-768x768.jpg\" class=\"gt3pg-lightbox\"  target=\"_blank\" data-elementor-open-lightbox=\"no\"><div class=\"img-wrapper has_text_info\"><img decoding=\"async\" width=\"768\" height=\"768\" src=\"https:\/\/landmannhof.de\/wp-content\/uploads\/2021\/03\/DJI_0031-scaled-e1615047219370-768x768.jpg\" class=\"skip-lazy gt3-lazy-image\" alt=\"Aus der Region\" loading=\"eager\" data-lazy-srcset=\"https:\/\/landmannhof.de\/wp-content\/uploads\/2021\/03\/DJI_0031-scaled-e1615047219370-768x768.jpg 768w, https:\/\/landmannhof.de\/wp-content\/uploads\/2021\/03\/DJI_0031-scaled-e1615047219370-300x300.jpg 300w, https:\/\/landmannhof.de\/wp-content\/uploads\/2021\/03\/DJI_0031-scaled-e1615047219370-150x150.jpg 150w, https:\/\/landmannhof.de\/wp-content\/uploads\/2021\/03\/DJI_0031-scaled-e1615047219370-480x480.jpg 480w\" data-lazy-sizes=\"(max-width: 768px) 100vw, 768px\" data-lazy-src=\"https:\/\/landmannhof.de\/wp-content\/uploads\/2021\/03\/DJI_0031-scaled-e1615047219370-768x768.jpg?is-pending-load=1\" srcset=\"data:image\/png;base64,iVBORw0KGgoAAAANSUhEUgAAAE0AAABNCAYAAADjCemwAAAACXBIWXMAAA7EAAAOxAGVKw4bAAAALklEQVR42u3BMQEAAADCoPVPbQdvoAAAAAAAAAAAAAAAAAAAAAAAAAAAAAAATgNc8QABeB30NgAAAABJRU5ErkJggg==\" title=\"Aus der Region\" \/><\/div><\/a><\/div><div class=\"text_info_wrapper\"><div class=\"text_wrap_caption\"><span class=\"caption\">Aus der Region<\/span><\/div><\/div><\/div><div class=\"gt3pg-isotope-item loading \" ><div class=\"isotope_item-wrapper\"><a href=\"https:\/\/landmannhof.de\/wp-content\/uploads\/2021\/03\/20210223_162753-scaled-e1615047246604-768x768.jpg\" class=\"gt3pg-lightbox\"  target=\"_blank\" data-elementor-open-lightbox=\"no\"><div class=\"img-wrapper has_text_info\"><img decoding=\"async\" width=\"768\" height=\"768\" src=\"https:\/\/landmannhof.de\/wp-content\/uploads\/2021\/03\/20210223_162753-scaled-e1615047246604-768x768.jpg\" class=\"skip-lazy gt3-lazy-image\" alt=\"Beste Qualit\u00e4t\" loading=\"eager\" data-lazy-srcset=\"https:\/\/landmannhof.de\/wp-content\/uploads\/2021\/03\/20210223_162753-scaled-e1615047246604-768x768.jpg 768w, https:\/\/landmannhof.de\/wp-content\/uploads\/2021\/03\/20210223_162753-scaled-e1615047246604-300x300.jpg 300w, https:\/\/landmannhof.de\/wp-content\/uploads\/2021\/03\/20210223_162753-scaled-e1615047246604-150x150.jpg 150w, https:\/\/landmannhof.de\/wp-content\/uploads\/2021\/03\/20210223_162753-scaled-e1615047246604-480x480.jpg 480w\" data-lazy-sizes=\"(max-width: 768px) 100vw, 768px\" data-lazy-src=\"https:\/\/landmannhof.de\/wp-content\/uploads\/2021\/03\/20210223_162753-scaled-e1615047246604-768x768.jpg?is-pending-load=1\" srcset=\"data:image\/png;base64,iVBORw0KGgoAAAANSUhEUgAAAE0AAABNCAYAAADjCemwAAAACXBIWXMAAA7EAAAOxAGVKw4bAAAALklEQVR42u3BMQEAAADCoPVPbQdvoAAAAAAAAAAAAAAAAAAAAAAAAAAAAAAATgNc8QABeB30NgAAAABJRU5ErkJggg==\" title=\"Beste Qualit\u00e4t\" \/><\/div><\/a><\/div><div class=\"text_info_wrapper\"><div class=\"text_wrap_caption\"><span class=\"caption\">Beste Qualit\u00e4t<\/span><\/div><\/div><\/div><div class=\"gt3pg-isotope-item loading \" ><div class=\"isotope_item-wrapper\"><a href=\"https:\/\/landmannhof.de\/wp-content\/uploads\/2021\/03\/20200530_182430-scaled-e1615047268496-768x768.jpg\" class=\"gt3pg-lightbox\"  target=\"_blank\" data-elementor-open-lightbox=\"no\"><div class=\"img-wrapper has_text_info\"><img decoding=\"async\" width=\"768\" height=\"768\" src=\"https:\/\/landmannhof.de\/wp-content\/uploads\/2021\/03\/20200530_182430-scaled-e1615047268496-768x768.jpg\" class=\"skip-lazy gt3-lazy-image\" alt=\"Organischer Landbau\" loading=\"eager\" data-lazy-srcset=\"https:\/\/landmannhof.de\/wp-content\/uploads\/2021\/03\/20200530_182430-scaled-e1615047268496-768x768.jpg 768w, https:\/\/landmannhof.de\/wp-content\/uploads\/2021\/03\/20200530_182430-scaled-e1615047268496-300x300.jpg 300w, https:\/\/landmannhof.de\/wp-content\/uploads\/2021\/03\/20200530_182430-scaled-e1615047268496-150x150.jpg 150w, https:\/\/landmannhof.de\/wp-content\/uploads\/2021\/03\/20200530_182430-scaled-e1615047268496-480x480.jpg 480w\" data-lazy-sizes=\"(max-width: 768px) 100vw, 768px\" data-lazy-src=\"https:\/\/landmannhof.de\/wp-content\/uploads\/2021\/03\/20200530_182430-scaled-e1615047268496-768x768.jpg?is-pending-load=1\" srcset=\"data:image\/png;base64,iVBORw0KGgoAAAANSUhEUgAAAE0AAABNCAYAAADjCemwAAAACXBIWXMAAA7EAAAOxAGVKw4bAAAALklEQVR42u3BMQEAAADCoPVPbQdvoAAAAAAAAAAAAAAAAAAAAAAAAAAAAAAATgNc8QABeB30NgAAAABJRU5ErkJggg==\" title=\"Organischer Landbau\" \/><\/div><\/a><\/div><div class=\"text_info_wrapper\"><div class=\"text_wrap_caption\"><span class=\"caption\">Organischer Landbau<\/span><\/div><\/div><\/div><div class=\"gt3pg-isotope-item loading \" ><div class=\"isotope_item-wrapper\"><a href=\"https:\/\/landmannhof.de\/wp-content\/uploads\/2021\/03\/20200729_201531-scaled-e1615047194611-768x768.jpg\" class=\"gt3pg-lightbox\"  target=\"_blank\" data-elementor-open-lightbox=\"no\"><div class=\"img-wrapper has_text_info\"><img decoding=\"async\" width=\"768\" height=\"768\" src=\"https:\/\/landmannhof.de\/wp-content\/uploads\/2021\/03\/20200729_201531-scaled-e1615047194611-768x768.jpg\" class=\"skip-lazy gt3-lazy-image\" alt=\"Saisonale Spezialit\u00e4ten\" loading=\"eager\" data-lazy-srcset=\"https:\/\/landmannhof.de\/wp-content\/uploads\/2021\/03\/20200729_201531-scaled-e1615047194611-768x768.jpg 768w, https:\/\/landmannhof.de\/wp-content\/uploads\/2021\/03\/20200729_201531-scaled-e1615047194611-300x300.jpg 300w, https:\/\/landmannhof.de\/wp-content\/uploads\/2021\/03\/20200729_201531-scaled-e1615047194611-150x150.jpg 150w, https:\/\/landmannhof.de\/wp-content\/uploads\/2021\/03\/20200729_201531-scaled-e1615047194611-480x480.jpg 480w\" data-lazy-sizes=\"(max-width: 768px) 100vw, 768px\" data-lazy-src=\"https:\/\/landmannhof.de\/wp-content\/uploads\/2021\/03\/20200729_201531-scaled-e1615047194611-768x768.jpg?is-pending-load=1\" srcset=\"data:image\/png;base64,iVBORw0KGgoAAAANSUhEUgAAAE0AAABNCAYAAADjCemwAAAACXBIWXMAAA7EAAAOxAGVKw4bAAAALklEQVR42u3BMQEAAADCoPVPbQdvoAAAAAAAAAAAAAAAAAAAAAAAAAAAAAAATgNc8QABeB30NgAAAABJRU5ErkJggg==\" title=\"Saisonale Spezialit\u00e4ten\" \/><\/div><\/a><\/div><div class=\"text_info_wrapper\"><div class=\"text_wrap_caption\"><span class=\"caption\">Saisonale Spezialit\u00e4ten<\/span><\/div><\/div><\/div><div class=\"gt3pg-isotope-item loading \" ><div class=\"isotope_item-wrapper\"><a href=\"https:\/\/landmannhof.de\/wp-content\/uploads\/2021\/03\/20210131_151938-scaled-e1615154208939-768x512.jpg\" class=\"gt3pg-lightbox\"  target=\"_blank\" data-elementor-open-lightbox=\"no\"><div class=\"img-wrapper has_text_info\"><img decoding=\"async\" width=\"768\" height=\"512\" src=\"https:\/\/landmannhof.de\/wp-content\/uploads\/2021\/03\/20210131_151938-scaled-e1615154208939-768x512.jpg\" class=\"skip-lazy gt3-lazy-image\" alt=\"\" loading=\"eager\" data-lazy-srcset=\"https:\/\/landmannhof.de\/wp-content\/uploads\/2021\/03\/20210131_151938-scaled-e1615154208939-768x512.jpg 768w, https:\/\/landmannhof.de\/wp-content\/uploads\/2021\/03\/20210131_151938-scaled-e1615154208939-300x200.jpg 300w, https:\/\/landmannhof.de\/wp-content\/uploads\/2021\/03\/20210131_151938-scaled-e1615154208939-480x320.jpg 480w\" data-lazy-sizes=\"(max-width: 768px) 100vw, 768px\" data-lazy-src=\"https:\/\/landmannhof.de\/wp-content\/uploads\/2021\/03\/20210131_151938-scaled-e1615154208939-768x512.jpg?is-pending-load=1\" srcset=\"data:image\/png;base64,iVBORw0KGgoAAAANSUhEUgAAAE0AAAAzCAYAAADSIYUBAAAACXBIWXMAAA7EAAAOxAGVKw4bAAAAJklEQVRo3u3BgQAAAADDoPlTX+AIVQEAAAAAAAAAAAAAAAAAAHAMPY8AAQeL\/AcAAAAASUVORK5CYII=\" title=\"20210131_151938\" \/><\/div><\/a><\/div><div class=\"text_info_wrapper\"><div class=\"text_wrap_caption\"><span class=\"caption\">Frische Produkte<\/span><\/div><\/div><\/div>\t\t\t<\/div>\r\n\t\t\t<div class=\"gallery-preloader\"><svg width=\"50\" height=\"50\" xmlns=\"http:\/\/www.w3.org\/2000\/svg\" viewBox=\"0 0 100 100\" preserveAspectRatio=\"xMidYMid\" class=\"lds-eclipse\"><path stroke=\"none\" d=\"M10 50A40 40 0 0 0 90 50A40 42 0 0 1 10 50\"><\/path><\/svg><\/div>\t\t\t<script type=\"application\/json\" id=\"settings--uid-6b0ff38736d9d7f8\">{\"id\":1,\"uid\":\"uid-6b0ff38736d9d7f8\",\"grid_type\":\"square\",\"lazyLoad\":true,\"lightbox\":{\"enable\":true,\"options\":{\"showTitle\":true,\"showCaption\":true,\"descriptionProperty\":\"caption\",\"allowDownload\":false,\"allowZoom\":false,\"socials\":true,\"deepLink\":false,\"stretchImages\":false,\"thumbnailIndicators\":true,\"startSlideshow\":false,\"slideshowInterval\":6000,\"instance\":1,\"customClass\":\"style-dark\",\"rightClick\":false,\"externalPosters\":false,\"ytWidth\":false}},\"items\":[{\"href\":\"https:\\\/\\\/landmannhof.de\\\/wp-content\\\/uploads\\\/2021\\\/03\\\/20210321_182031-scaled-e1616443444841.jpg\",\"title\":\"Eigenproduktion\",\"caption\":\"Eigenproduktion\",\"description\":\"Eigenproduktion\",\"alt\":\"Eigenproduktion\",\"thumbnail\":\"https:\\\/\\\/landmannhof.de\\\/wp-content\\\/uploads\\\/2021\\\/03\\\/20210321_182031-scaled-e1616443444841-150x150.jpg\",\"is_video\":0,\"image_id\":1935,\"width\":1920,\"height\":1280,\"item_class_list\":[]},{\"href\":\"https:\\\/\\\/landmannhof.de\\\/wp-content\\\/uploads\\\/2021\\\/03\\\/DJI_0031-scaled-e1615047219370.jpg\",\"title\":\"Aus der Region\",\"caption\":\"Aus der Region\",\"description\":\"Aus der Region\",\"alt\":\"Aus der Region\",\"thumbnail\":\"https:\\\/\\\/landmannhof.de\\\/wp-content\\\/uploads\\\/2021\\\/03\\\/DJI_0031-scaled-e1615047219370-150x150.jpg\",\"is_video\":0,\"image_id\":1770,\"width\":1920,\"height\":1920,\"item_class_list\":[]},{\"href\":\"https:\\\/\\\/landmannhof.de\\\/wp-content\\\/uploads\\\/2021\\\/03\\\/20210223_162753-scaled-e1615047246604.jpg\",\"title\":\"Beste Qualit\\u00e4t\",\"caption\":\"Beste Qualit\\u00e4t\",\"description\":\"Beste Qualit\\u00e4t\",\"alt\":\"Beste Qualit\\u00e4t\",\"thumbnail\":\"https:\\\/\\\/landmannhof.de\\\/wp-content\\\/uploads\\\/2021\\\/03\\\/20210223_162753-scaled-e1615047246604-150x150.jpg\",\"is_video\":0,\"image_id\":1769,\"width\":1888,\"height\":1888,\"item_class_list\":[]},{\"href\":\"https:\\\/\\\/landmannhof.de\\\/wp-content\\\/uploads\\\/2021\\\/03\\\/20200530_182430-scaled-e1615047268496.jpg\",\"title\":\"Organischer Landbau\",\"caption\":\"Organischer Landbau\",\"description\":\"Organischer Landbau\",\"alt\":\"Organischer Landbau\",\"thumbnail\":\"https:\\\/\\\/landmannhof.de\\\/wp-content\\\/uploads\\\/2021\\\/03\\\/20200530_182430-scaled-e1615047268496-150x150.jpg\",\"is_video\":0,\"image_id\":1768,\"width\":1920,\"height\":1920,\"item_class_list\":[]},{\"href\":\"https:\\\/\\\/landmannhof.de\\\/wp-content\\\/uploads\\\/2021\\\/03\\\/20200729_201531-scaled-e1615047194611.jpg\",\"title\":\"Saisonale Spezialit\\u00e4ten\",\"caption\":\"Saisonale Spezialit\\u00e4ten\",\"description\":\"Saisonale Spezialit\\u00e4ten\",\"alt\":\"Saisonale Spezialit\\u00e4ten\",\"thumbnail\":\"https:\\\/\\\/landmannhof.de\\\/wp-content\\\/uploads\\\/2021\\\/03\\\/20200729_201531-scaled-e1615047194611-150x150.jpg\",\"is_video\":0,\"image_id\":1766,\"width\":1920,\"height\":1920,\"item_class_list\":[]},{\"href\":\"https:\\\/\\\/landmannhof.de\\\/wp-content\\\/uploads\\\/2021\\\/03\\\/20210131_151938-scaled-e1615154208939.jpg\",\"title\":\"20210131_151938\",\"caption\":\"Frische Produkte\",\"description\":\"\",\"alt\":\"\",\"thumbnail\":\"https:\\\/\\\/landmannhof.de\\\/wp-content\\\/uploads\\\/2021\\\/03\\\/20210131_151938-scaled-e1615154208939-150x150.jpg\",\"is_video\":0,\"image_id\":1720,\"width\":1920,\"height\":1281,\"item_class_list\":[]}],\"modules\":[\"Lightbox\"]}<\/script>\r\n\t\t\t\t\t<\/div>\r\n\r\n\t\t<\/div>\n\n\n<p><\/p>\n","protected":false},"excerpt":{"rendered":"<p>Folgende Produkte finden Sie bei uns auf dem Landmann Hof Freilandeier von unseren eigenen H\u00fchnern Kartoffeln in verschiedenen Sorten Regionales Gem\u00fcse und Obst der Saison FrischEi Nudeln aus Hartweizengrie\u00df oder Dinkelgrie\u00df aus unseren eigenen Eiern Halsgrat, Putensteak, Rinderlende mariniert und natur, K\u00e4segriller, versch. Wurstwaren abgepackt. Grillspezialit\u00e4ten im Winter bitte vorbestellen. Wir beziehen unsere Fleisch und [&hellip;]<\/p>\n","protected":false},"author":1,"featured_media":0,"parent":0,"menu_order":0,"comment_status":"closed","ping_status":"closed","template":"","meta":{"footnotes":""},"class_list":["post-686","page","type-page","status-publish","hentry"],"_links":{"self":[{"href":"https:\/\/landmannhof.de\/index.php?rest_route=\/wp\/v2\/pages\/686","targetHints":{"allow":["GET"]}}],"collection":[{"href":"https:\/\/landmannhof.de\/index.php?rest_route=\/wp\/v2\/pages"}],"about":[{"href":"https:\/\/landmannhof.de\/index.php?rest_route=\/wp\/v2\/types\/page"}],"author":[{"embeddable":true,"href":"https:\/\/landmannhof.de\/index.php?rest_route=\/wp\/v2\/users\/1"}],"replies":[{"embeddable":true,"href":"https:\/\/landmannhof.de\/index.php?rest_route=%2Fwp%2Fv2%2Fcomments&post=686"}],"version-history":[{"count":81,"href":"https:\/\/landmannhof.de\/index.php?rest_route=\/wp\/v2\/pages\/686\/revisions"}],"predecessor-version":[{"id":2803,"href":"https:\/\/landmannhof.de\/index.php?rest_route=\/wp\/v2\/pages\/686\/revisions\/2803"}],"wp:attachment":[{"href":"https:\/\/landmannhof.de\/index.php?rest_route=%2Fwp%2Fv2%2Fmedia&parent=686"}],"curies":[{"name":"wp","href":"https:\/\/api.w.org\/{rel}","templated":true}]}}